{"id":35,"date":"2016-12-06T15:12:03","date_gmt":"2016-12-06T14:12:03","guid":{"rendered":"http:\/\/nord.local:8000\/en\/?page_id=35"},"modified":"2017-12-27T13:49:07","modified_gmt":"2017-12-27T12:49:07","slug":"our-team","status":"publish","type":"page","link":"https:\/\/centredentairedunord.com\/en\/our-team\/","title":{"rendered":"Our Team"},"content":{"rendered":"<h1 style=\"font-size: 45px;\">Our Team<\/h1>\n<h2 class=\"western\" lang=\"fr-FR\"><span style=\"font-family: Arial, serif; font-size: 35px;\">Dr Bijan Farhadnia, general dentist, D.M.D<\/span><\/h2>\n<ul style=\"margin-top: 10%;\">\n<li class=\"tof_Dr\" style=\"float: left; list-style-type: none;\"><img decoding=\"async\" src=\"\/wp-content\/uploads\/2017\/05\/Bijan_dentiste_Saint_Jerome.jpg\" alt=\"Dr Bijan Farhadnia\" width=\"200px\" \/><\/li>\n<li style=\"list-style-type: none;\">\n<p class=\"western description-Dr\" lang=\"fr-FR\"><span style=\"font-family: Arial, serif;\"><span lang=\"fr-CA\">Founder and business owner of the Centre Dentaire du Nord, <strong>Dr Bijan<\/strong> obtained his diploma from the faculty of Dentistry at the Universit\u00e9 de Montr\u00e9al in 1998. He is member of the Ordre des Dentistes du Qu\u00e9bec.<\/span><\/span><\/p>\n<p class=\"western description-Dr\" lang=\"fr-FR\"><span style=\"font-family: Arial, serif;\"><span lang=\"fr-CA\"><br \/>\n To further and expand his knowledge and skill set, Dr Bijan has completed many courses and training. Dr Bijan has taken many courses in implantology and in orthodontics using the Invisalign system. Attending trraining courses in Lumineer smile office and Lumineers advanced cosmetic techniques, in\u00a0Las Vegas and in California, have allowed him to perfect his knowledge in order to offer his patients a pain-free way to obtain straight teeth and a dazzling smile.<\/span><\/span><\/p>\n<\/li>\n<\/ul>\n<p class=\"western\" lang=\"fr-FR\"><span style=\"font-family: Arial, serif;\"><span lang=\"fr-CA\">Dr Bijan is a recognized peer of the World Clinical Laser Institute. He uses digital imaging to help create the beautiful smile you have always wanted<\/span><\/span><\/p>\n<p class=\"western\" lang=\"fr-FR\"><span style=\"font-family: Arial, serif;\"><span lang=\"fr-CA\">Dr Bijan welcomes you to the clinic with an exemplary smile. His first goal is to establish good communication with you to enable a climate of trust and confidence. He is professionnal and shows compassion, tact and finesse towards all his patients. <\/span><\/span><\/p>\n<p class=\"western\" lang=\"fr-FR\"><span style=\"font-family: Arial, serif;\"><span lang=\"fr-CA\">You can trust Dr Bijan for his expert opinion and treatments. Your well-being is essential to him. He will provide you, to the best of his knowledge, with the smile you desire. <\/span><\/span><\/p>\n<p class=\"western\" lang=\"fr-FR\"><span style=\"font-family: Arial, serif;\"><span lang=\"fr-CA\"><br \/>\n <strong>Dr Bijan<\/strong> believes in ongoing training, continous refinement and uses the latest technologies on the market. He is still driven by the same passion for dentistry than at the beginning of his career. Dr Bijan is demanding towards himself and his team members, in order to provide his patients with the highest quality dental services that meet and exceed dental industry standards.<\/span><\/span><\/p>\n<p class=\"western\" lang=\"fr-FR\">\u00a0<\/p>\n<h2 style=\"font-family: Arial, serif; font-size: 30px;\">Dr Ta\u00ef Huan Do, Dentist, D.M.D<\/h2>\n<p>&nbsp;<\/p>\n<ul>\n<li class=\"tof_Dr\" style=\"float: left; list-style-type: none;\"><img decoding=\"async\" src=\"\/wp-content\/uploads\/2017\/05\/Dr-Do-1.jpg\" alt=\"Dr Ta\u00ef Huan Do\" \/><\/li>\n<li style=\"list-style-type: none;\">\n<p class=\"description-Dr\" style=\"margin-top: 3%; margin-left: 2%;\"><strong>Dr Do<\/strong> graduated from the Universit\u00e9 de Montreal in Dentistry in 1993. He uses the latest technology in order to perform high quality dentistry. His wealth of experience and knowledge underlines his passion for dentistry<br \/>\n Dr Do is always smiling and his sense of humor is contagious; you will feel relaxed and confident in his gentle and calming hands.<\/p>\n<p class=\"description-Dr\">He is committed to continuous education; as well as furthering his skills in order to keep up to date with the latest techniques and technologies.<\/p>\n<\/li>\n<\/ul>\n<h2 style=\"font-family: Arial, serif; font-size: 30px;\">\u00a0<\/h2>\n<p>&nbsp;<\/p>\n<h2 style=\"font-family: Arial, serif; font-size: 30px;\">Our hygienists, assistants and dental secretaries<\/h2>\n<p>&nbsp;<\/p>\n<p>Our team of hygienists, assistants and dental secretaries, warmly welcome you to our clinics. We are passionate and work with the best equipment to promote, restore and maintain excellent oral health. Our mission: Your family\u2019s smile! We wish to thank you for your continued support and trust which greatly motivates us to remain leaders in our field.<\/p>\n<p>Contact our dental center today to <a href=\"https:\/\/centredentairedunord.com\/en\/contact-us\/\">make an appointment<\/a> with a dentist in <b>Saint-J\u00e9r\u00f4me<\/b>.<\/p>\n<p><noscript><br \/>\n<img decoding=\"async\" src=\"\/wp-content\/uploads\/2016\/12\/Dentiste_saintJerome_Equipe1.jpg\"  alt=\"Our Team\" \/><br \/>\n<\/noscript><\/p>\n","protected":false},"excerpt":{"rendered":"<p>Our Team Dr Bijan Farhadnia, general dentist, D.M.D Founder and business owner of the Centre Dentaire du Nord, Dr Bijan obtained his diploma from the faculty of Dentistry at the Universit\u00e9 de Montr\u00e9al in 1998. He is member of the Ordre des Dentistes du Qu\u00e9bec. To further and expand his knowledge and skill set, Dr [&hellip;]<\/p>\n","protected":false},"author":1,"featured_media":99,"parent":0,"menu_order":0,"comment_status":"closed","ping_status":"closed","template":"page-simple.php","meta":{"footnotes":""},"class_list":["post-35","page","type-page","status-publish","has-post-thumbnail","hentry"],"yoast_head":"<!-- This site is optimized with the Yoast SEO plugin v27.3 - https:\/\/yoast.com\/product\/yoast-seo-wordpress\/ -->\n<title>Our team of dentists, hygienists and assistants in St J\u00e9r\u00f4me - Centre dentaire du Nord<\/title>\n<meta name=\"description\" content=\"Our team of dentists, hygienists, assistants and dental secretaries, warmly welcome you to our dental clinic in St J\u00e9r\u00f4me.\" \/>\n<meta name=\"robots\" content=\"index, follow, max-snippet:-1, max-image-preview:large, max-video-preview:-1\" \/>\n<link rel=\"canonical\" href=\"https:\/\/centredentairedunord.com\/en\/our-team\/\" \/>\n<meta property=\"og:locale\" content=\"en_US\" \/>\n<meta property=\"og:type\" content=\"article\" \/>\n<meta property=\"og:title\" content=\"Our team of dentists, hygienists and assistants in St J\u00e9r\u00f4me - Centre dentaire du Nord\" \/>\n<meta property=\"og:description\" content=\"Our team of dentists, hygienists, assistants and dental secretaries, warmly welcome you to our dental clinic in St J\u00e9r\u00f4me.\" \/>\n<meta property=\"og:url\" content=\"https:\/\/centredentairedunord.com\/en\/our-team\/\" \/>\n<meta property=\"og:site_name\" content=\"Centre dentaire nord\" \/>\n<meta property=\"article:modified_time\" content=\"2017-12-27T12:49:07+00:00\" \/>\n<meta property=\"og:image\" content=\"https:\/\/centredentairedunord.com\/wp-content\/uploads\/2016\/12\/Dentiste_saintJerome_Equipe1-1024x683.jpg\" \/>\n\t<meta property=\"og:image:width\" content=\"1024\" \/>\n\t<meta property=\"og:image:height\" content=\"683\" \/>\n\t<meta property=\"og:image:type\" content=\"image\/jpeg\" \/>\n<meta name=\"twitter:card\" content=\"summary_large_image\" \/>\n<meta name=\"twitter:label1\" content=\"Est. reading time\" \/>\n\t<meta name=\"twitter:data1\" content=\"2 minutes\" \/>\n<script type=\"application\/ld+json\" class=\"yoast-schema-graph\">{\"@context\":\"https:\\\/\\\/schema.org\",\"@graph\":[{\"@type\":\"WebPage\",\"@id\":\"https:\\\/\\\/centredentairedunord.com\\\/en\\\/our-team\\\/\",\"url\":\"https:\\\/\\\/centredentairedunord.com\\\/en\\\/our-team\\\/\",\"name\":\"Our team of dentists, hygienists and assistants in St J\u00e9r\u00f4me - Centre dentaire du Nord\",\"isPartOf\":{\"@id\":\"https:\\\/\\\/centredentairedunord.com\\\/#website\"},\"primaryImageOfPage\":{\"@id\":\"https:\\\/\\\/centredentairedunord.com\\\/en\\\/our-team\\\/#primaryimage\"},\"image\":{\"@id\":\"https:\\\/\\\/centredentairedunord.com\\\/en\\\/our-team\\\/#primaryimage\"},\"thumbnailUrl\":\"https:\\\/\\\/centredentairedunord.com\\\/wp-content\\\/uploads\\\/2016\\\/12\\\/Dentiste_saintJerome_Equipe1.jpg\",\"datePublished\":\"2016-12-06T14:12:03+00:00\",\"dateModified\":\"2017-12-27T12:49:07+00:00\",\"description\":\"Our team of dentists, hygienists, assistants and dental secretaries, warmly welcome you to our dental clinic in St J\u00e9r\u00f4me.\",\"breadcrumb\":{\"@id\":\"https:\\\/\\\/centredentairedunord.com\\\/en\\\/our-team\\\/#breadcrumb\"},\"inLanguage\":\"en-US\",\"potentialAction\":[{\"@type\":\"ReadAction\",\"target\":[\"https:\\\/\\\/centredentairedunord.com\\\/en\\\/our-team\\\/\"]}]},{\"@type\":\"ImageObject\",\"inLanguage\":\"en-US\",\"@id\":\"https:\\\/\\\/centredentairedunord.com\\\/en\\\/our-team\\\/#primaryimage\",\"url\":\"https:\\\/\\\/centredentairedunord.com\\\/wp-content\\\/uploads\\\/2016\\\/12\\\/Dentiste_saintJerome_Equipe1.jpg\",\"contentUrl\":\"https:\\\/\\\/centredentairedunord.com\\\/wp-content\\\/uploads\\\/2016\\\/12\\\/Dentiste_saintJerome_Equipe1.jpg\",\"width\":3600,\"height\":2400,\"caption\":\"Equipe dentiste Saint Jerome\"},{\"@type\":\"BreadcrumbList\",\"@id\":\"https:\\\/\\\/centredentairedunord.com\\\/en\\\/our-team\\\/#breadcrumb\",\"itemListElement\":[{\"@type\":\"ListItem\",\"position\":1,\"name\":\"Home\",\"item\":\"https:\\\/\\\/centredentairedunord.com\\\/en\\\/\"},{\"@type\":\"ListItem\",\"position\":2,\"name\":\"Our Team\"}]},{\"@type\":\"WebSite\",\"@id\":\"https:\\\/\\\/centredentairedunord.com\\\/#website\",\"url\":\"https:\\\/\\\/centredentairedunord.com\\\/\",\"name\":\"Centre dentaire nord\",\"description\":\"\",\"publisher\":{\"@id\":\"https:\\\/\\\/centredentairedunord.com\\\/#organization\"},\"potentialAction\":[{\"@type\":\"SearchAction\",\"target\":{\"@type\":\"EntryPoint\",\"urlTemplate\":\"https:\\\/\\\/centredentairedunord.com\\\/?s={search_term_string}\"},\"query-input\":{\"@type\":\"PropertyValueSpecification\",\"valueRequired\":true,\"valueName\":\"search_term_string\"}}],\"inLanguage\":\"en-US\"},{\"@type\":\"Organization\",\"@id\":\"https:\\\/\\\/centredentairedunord.com\\\/#organization\",\"name\":\"Centre dentaire du Nord\",\"url\":\"https:\\\/\\\/centredentairedunord.com\\\/\",\"logo\":{\"@type\":\"ImageObject\",\"inLanguage\":\"en-US\",\"@id\":\"https:\\\/\\\/centredentairedunord.com\\\/#\\\/schema\\\/logo\\\/image\\\/\",\"url\":\"https:\\\/\\\/centredentairedunord.com\\\/wp-content\\\/uploads\\\/2017\\\/03\\\/Dentiste-st-jerome-logo.jpg\",\"contentUrl\":\"https:\\\/\\\/centredentairedunord.com\\\/wp-content\\\/uploads\\\/2017\\\/03\\\/Dentiste-st-jerome-logo.jpg\",\"width\":266,\"height\":83,\"caption\":\"Centre dentaire du Nord\"},\"image\":{\"@id\":\"https:\\\/\\\/centredentairedunord.com\\\/#\\\/schema\\\/logo\\\/image\\\/\"}}]}<\/script>\n<!-- \/ Yoast SEO plugin. -->","yoast_head_json":{"title":"Our team of dentists, hygienists and assistants in St J\u00e9r\u00f4me - Centre dentaire du Nord","description":"Our team of dentists, hygienists, assistants and dental secretaries, warmly welcome you to our dental clinic in St J\u00e9r\u00f4me.","robots":{"index":"index","follow":"follow","max-snippet":"max-snippet:-1","max-image-preview":"max-image-preview:large","max-video-preview":"max-video-preview:-1"},"canonical":"https:\/\/centredentairedunord.com\/en\/our-team\/","og_locale":"en_US","og_type":"article","og_title":"Our team of dentists, hygienists and assistants in St J\u00e9r\u00f4me - Centre dentaire du Nord","og_description":"Our team of dentists, hygienists, assistants and dental secretaries, warmly welcome you to our dental clinic in St J\u00e9r\u00f4me.","og_url":"https:\/\/centredentairedunord.com\/en\/our-team\/","og_site_name":"Centre dentaire nord","article_modified_time":"2017-12-27T12:49:07+00:00","og_image":[{"width":1024,"height":683,"url":"https:\/\/centredentairedunord.com\/wp-content\/uploads\/2016\/12\/Dentiste_saintJerome_Equipe1-1024x683.jpg","type":"image\/jpeg"}],"twitter_card":"summary_large_image","twitter_misc":{"Est. reading time":"2 minutes"},"schema":{"@context":"https:\/\/schema.org","@graph":[{"@type":"WebPage","@id":"https:\/\/centredentairedunord.com\/en\/our-team\/","url":"https:\/\/centredentairedunord.com\/en\/our-team\/","name":"Our team of dentists, hygienists and assistants in St J\u00e9r\u00f4me - Centre dentaire du Nord","isPartOf":{"@id":"https:\/\/centredentairedunord.com\/#website"},"primaryImageOfPage":{"@id":"https:\/\/centredentairedunord.com\/en\/our-team\/#primaryimage"},"image":{"@id":"https:\/\/centredentairedunord.com\/en\/our-team\/#primaryimage"},"thumbnailUrl":"https:\/\/centredentairedunord.com\/wp-content\/uploads\/2016\/12\/Dentiste_saintJerome_Equipe1.jpg","datePublished":"2016-12-06T14:12:03+00:00","dateModified":"2017-12-27T12:49:07+00:00","description":"Our team of dentists, hygienists, assistants and dental secretaries, warmly welcome you to our dental clinic in St J\u00e9r\u00f4me.","breadcrumb":{"@id":"https:\/\/centredentairedunord.com\/en\/our-team\/#breadcrumb"},"inLanguage":"en-US","potentialAction":[{"@type":"ReadAction","target":["https:\/\/centredentairedunord.com\/en\/our-team\/"]}]},{"@type":"ImageObject","inLanguage":"en-US","@id":"https:\/\/centredentairedunord.com\/en\/our-team\/#primaryimage","url":"https:\/\/centredentairedunord.com\/wp-content\/uploads\/2016\/12\/Dentiste_saintJerome_Equipe1.jpg","contentUrl":"https:\/\/centredentairedunord.com\/wp-content\/uploads\/2016\/12\/Dentiste_saintJerome_Equipe1.jpg","width":3600,"height":2400,"caption":"Equipe dentiste Saint Jerome"},{"@type":"BreadcrumbList","@id":"https:\/\/centredentairedunord.com\/en\/our-team\/#breadcrumb","itemListElement":[{"@type":"ListItem","position":1,"name":"Home","item":"https:\/\/centredentairedunord.com\/en\/"},{"@type":"ListItem","position":2,"name":"Our Team"}]},{"@type":"WebSite","@id":"https:\/\/centredentairedunord.com\/#website","url":"https:\/\/centredentairedunord.com\/","name":"Centre dentaire nord","description":"","publisher":{"@id":"https:\/\/centredentairedunord.com\/#organization"},"potentialAction":[{"@type":"SearchAction","target":{"@type":"EntryPoint","urlTemplate":"https:\/\/centredentairedunord.com\/?s={search_term_string}"},"query-input":{"@type":"PropertyValueSpecification","valueRequired":true,"valueName":"search_term_string"}}],"inLanguage":"en-US"},{"@type":"Organization","@id":"https:\/\/centredentairedunord.com\/#organization","name":"Centre dentaire du Nord","url":"https:\/\/centredentairedunord.com\/","logo":{"@type":"ImageObject","inLanguage":"en-US","@id":"https:\/\/centredentairedunord.com\/#\/schema\/logo\/image\/","url":"https:\/\/centredentairedunord.com\/wp-content\/uploads\/2017\/03\/Dentiste-st-jerome-logo.jpg","contentUrl":"https:\/\/centredentairedunord.com\/wp-content\/uploads\/2017\/03\/Dentiste-st-jerome-logo.jpg","width":266,"height":83,"caption":"Centre dentaire du Nord"},"image":{"@id":"https:\/\/centredentairedunord.com\/#\/schema\/logo\/image\/"}}]}},"_links":{"self":[{"href":"https:\/\/centredentairedunord.com\/en\/wp-json\/wp\/v2\/pages\/35","targetHints":{"allow":["GET"]}}],"collection":[{"href":"https:\/\/centredentairedunord.com\/en\/wp-json\/wp\/v2\/pages"}],"about":[{"href":"https:\/\/centredentairedunord.com\/en\/wp-json\/wp\/v2\/types\/page"}],"author":[{"embeddable":true,"href":"https:\/\/centredentairedunord.com\/en\/wp-json\/wp\/v2\/users\/1"}],"replies":[{"embeddable":true,"href":"https:\/\/centredentairedunord.com\/en\/wp-json\/wp\/v2\/comments?post=35"}],"version-history":[{"count":21,"href":"https:\/\/centredentairedunord.com\/en\/wp-json\/wp\/v2\/pages\/35\/revisions"}],"predecessor-version":[{"id":365,"href":"https:\/\/centredentairedunord.com\/en\/wp-json\/wp\/v2\/pages\/35\/revisions\/365"}],"wp:featuredmedia":[{"embeddable":true,"href":"https:\/\/centredentairedunord.com\/en\/wp-json\/wp\/v2\/media\/99"}],"wp:attachment":[{"href":"https:\/\/centredentairedunord.com\/en\/wp-json\/wp\/v2\/media?parent=35"}],"curies":[{"name":"wp","href":"https:\/\/api.w.org\/{rel}","templated":true}]}}