{"id":55,"date":"2016-12-06T15:20:11","date_gmt":"2016-12-06T14:20:11","guid":{"rendered":"http:\/\/nord.local:8000\/en\/?page_id=55"},"modified":"2022-03-16T21:37:06","modified_gmt":"2022-03-16T20:37:06","slug":"contact-us","status":"publish","type":"page","link":"https:\/\/centredentairedunord.com\/en\/contact-us\/","title":{"rendered":"Contact US"},"content":{"rendered":"<p class=\"western\" lang=\"fr-FR\"><span style=\"font-family: Arial, serif;\"><span lang=\"fr-CA\">At Centre Dentaire du Nord, we provide dental services for patients of all ages. We want to see you smiling! <\/span><\/span><\/p>\n<p class=\"western\" lang=\"fr-FR\"><span style=\"font-family: Arial, serif;\"><span lang=\"fr-CA\">Come and meet our team for your regular dental checkups, cosmetic services or oral health maintenance. <\/span><\/span><\/p>\n<p class=\"western\" lang=\"fr-FR\"><span style=\"font-family: Arial, serif;\"><span lang=\"fr-CA\">All new patients are welcome. We provide you with the same high quality standard of care as our regular patients. <\/span><\/span><\/p>\n<p class=\"western\" lang=\"fr-FR\"><span style=\"font-family: Arial, serif;\"><span lang=\"fr-CA\">Are you looking for a dental clinic where your whole family may come and receive necessary treatment? Our team is trained to care for patients of all ages! <\/span><\/span><\/p>\n<div class=\"row\">\n<div class=\"col m6\">\n<p class=\"western\" lang=\"fr-FR\"><span style=\"font-family: Arial, serif;\"><span lang=\"fr-CA\"><b>Clinic Address<\/b><\/span><\/span><\/p>\n<p class=\"western\" lang=\"fr-FR\"><span style=\"font-family: Arial, serif;\"><span style=\"font-size: large;\"><strong>Centre dentaire du Nord<\/strong><\/span><\/span><span style=\"font-family: Arial, serif;\"><br \/>\n<strong> Carrefour du Nord\u00a0: <\/strong><\/span><br \/>\n<span style=\"font-family: Arial, serif;\">900 Boulevard Grignon, Door\u00a02\u00a0<\/span><span style=\"font-family: Arial, serif;\">Saint-Jerome (Qc) J7Y 3S7<\/span><span style=\"font-family: Arial, serif;\"><b><br \/>\n<\/b><\/span><span style=\"font-family: Arial, serif;\"><strong>Telephone\u00a0:<\/strong><\/span><span style=\"font-family: Arial, serif;\"><a href=\"tel:4504310000\">450\u00a0431-0000<\/a><\/span><br \/>\n<span style=\"font-family: Arial, serif;\"><strong>Fax\u00a0:<\/strong><\/span><span style=\"font-family: Arial, serif;\"> 450-431-0058<\/span><br \/>\n<span style=\"font-family: Arial, serif;\"><strong>Email:<\/strong><\/span><a href=\"mailto:info@centredentairedunord.com\"><span style=\"font-family: Arial, serif;\">info@centredentairedunord.com<\/span><\/a><\/p>\n<\/div>\n<div class=\"col m6 border-contactform\">\n<div class=\"wpcf7 no-js\" id=\"wpcf7-f319-o1\" lang=\"fr-FR\" dir=\"ltr\" data-wpcf7-id=\"319\">\n<div class=\"screen-reader-response\"><p role=\"status\" aria-live=\"polite\" aria-atomic=\"true\"><\/p> <ul><\/ul><\/div>\n<form action=\"\/en\/wp-json\/wp\/v2\/pages\/55#wpcf7-f319-o1\" method=\"post\" class=\"wpcf7-form init\" aria-label=\"Contact form\" novalidate=\"novalidate\" data-status=\"init\">\n<fieldset class=\"hidden-fields-container\"><input type=\"hidden\" name=\"_wpcf7\" value=\"319\" \/><input type=\"hidden\" name=\"_wpcf7_version\" value=\"6.1.5\" \/><input type=\"hidden\" name=\"_wpcf7_locale\" value=\"fr_FR\" \/><input type=\"hidden\" name=\"_wpcf7_unit_tag\" value=\"wpcf7-f319-o1\" \/><input type=\"hidden\" name=\"_wpcf7_container_post\" value=\"0\" \/><input type=\"hidden\" name=\"_wpcf7_posted_data_hash\" value=\"\" \/>\n<\/fieldset>\n<div class=\"row\">\n\t<div class=\"input-field col s6\">\n\t\t<p><input required id=\"your-name\" name=\"your-name\" type=\"text\" \/><label for=\"your-name\">First name<\/label>\n\t\t<\/p>\n\t<\/div>\n\t<div class=\"input-field col s6\">\n\t\t<p><input id=\"your-lastname\" required name=\"your-lastname\" type=\"text\" \/><br \/>\n<label for=\"your-lastname\">Last name<\/label>\n\t\t<\/p>\n\t<\/div>\n<\/div>\n<div class=\"row\">\n\t<div class=\"input-field col s6\">\n\t\t<p><input id=\"your-email\" required type=\"email\" name=\"your-email\" class=\"validate\" \/><label for=\"your-email\">Email<\/label>\n\t\t<\/p>\n\t<\/div>\n\t<div class=\"input-field col s6\">\n\t\t<p><input id=\"your-phone\" type=\"text\" name=\"your-phone\" \/><label for=\"your-phone\">Phone<\/label>\n\t\t<\/p>\n\t<\/div>\n\t<div class=\"input-field col s12\">\n\t\t<p><label for=\"your-message\">Message<\/label><br \/>\n<textarea  class=\"materialize-textarea\" id=\"your-message\"  name=\"your-message\"><\/textarea>\n\t\t<\/p>\n\t<\/div>\n<\/div>\n<div class=\"row\">\n\t<div class=\"input-field s4\">\n\t\t<p><button type=\"submit\" name=\"mc_signup_submit\" id=\"mc_signup_submit\" value=\"Envoyer\" class=\"btn waves-effect waves-light\"\/>Send<\/button>\n\t\t<\/p>\n\t<\/div>\n\t<div class=\"mc_form_inside\">\n\t\t<div class=\"updated\" id=\"mc_message\">\n\t\t<\/div><!-- \/mc_message -->\n\t<\/div>\n<\/div>\n<p><script>\ndocument.querySelector(\".wpcf7-form\").noValidate=false;\n<\/script>\n<\/p><div class=\"wpcf7-response-output\" aria-hidden=\"true\"><\/div>\n<\/form>\n<\/div>\n<\/div>\n<\/div>\n<p><b>Opening hours<\/b><\/p>\n<p class=\"western\" lang=\"fr-FR\"><span style=\"font-weight: 400;\">Our clinic is opened on monday to friday, from 9h30 AM to 5 PM.<\/span><\/p>\n<p class=\"western\" lang=\"fr-FR\"><span style=\"font-family: Arial, serif;\"><span lang=\"fr-CA\"><b>Insurance<\/b><\/span><\/span><\/p>\n<p class=\"western\" lang=\"fr-FR\"><span style=\"font-family: Arial, serif;\"><span lang=\"fr-CA\">Thanks to an agreement with the Association des Chirurgiens-Dentistes du Quebec, we are able to handle insurance claims with over fourty different insurance companies. We may fill in and send your claims for you after your appointment. You are responsible for the portion of fees that are not covered by your private insurance policy. <\/span><\/span><\/p>\n<p class=\"western\" lang=\"fr-FR\"><span style=\"font-family: Arial, serif;\"><span lang=\"fr-CA\">Please bring your insurance information with you to your appointments for us to able to explain your dental coverage. <\/span><\/span><\/p>\n<p class=\"western\" lang=\"fr-FR\"><span style=\"font-family: Arial, serif;\"><span lang=\"fr-CA\"><b>Payment methods accepted\u00a0:<\/b><\/span><\/span><\/p>\n<ul>\n<li>\n<p lang=\"fr-FR\"><span style=\"font-family: Cambria, serif;\"><span style=\"font-family: Arial, serif;\"><span lang=\"fr-CA\">Cash\u2009; <\/span><\/span><\/span><\/p>\n<\/li>\n<li>\n<p lang=\"fr-FR\"><span style=\"font-family: Cambria, serif;\"><span style=\"font-family: Arial, serif;\"><span lang=\"fr-CA\">Debit cards ;<\/span><\/span><\/span><\/p>\n<\/li>\n<li>\n<p lang=\"fr-FR\"><span style=\"font-family: Cambria, serif;\"><span style=\"font-family: Arial, serif;\"><span lang=\"fr-CA\">Visa credit cards and MasterCard. <\/span><\/span><\/span><\/p>\n<\/li>\n<\/ul>\n<p class=\"western\" lang=\"fr-FR\"><span style=\"font-family: Arial, serif;\"><span lang=\"fr-CA\">You are responsible for paying the portion not covered by your insurance company. Outstanding balances for longer than 30 days are charged <\/span><\/span><span style=\"font-family: Arial, serif;\"><span lang=\"fr-CA\"><b>1.5% interest each month<\/b><\/span><\/span><span style=\"font-family: Arial, serif;\"><span lang=\"fr-CA\">. <\/span><\/span><\/p>\n<p class=\"western\" lang=\"fr-FR\"><span style=\"font-family: Arial, serif;\"><span lang=\"fr-CA\"><b>Appointment cancellation<\/b><\/span><\/span><\/p>\n<p class=\"western\" lang=\"fr-FR\"><span style=\"font-family: Arial, serif;\"><span lang=\"fr-CA\">In an effort to provide you will the highest service quaity, please notify us at least 2 days prior to your appointment if you cannot make it. <\/span><\/span><\/p>\n<p class=\"western\" lang=\"fr-FR\"><span style=\"font-family: Arial, serif;\"><span lang=\"fr-CA\"><b>Directions to our Clinic<\/b><\/span><\/span><\/p>\n<p class=\"western\" lang=\"fr-FR\"><span style=\"font-family: Arial, serif;\"><span lang=\"fr-CA\">We are located at the Carrefour du Nord in Saint-Jerome. The clinic is close to all main intersections. Here are directions if you are driving or using public transit\u00a0: <\/span><\/span><\/p>\n<p class=\"western\" lang=\"fr-FR\"><span style=\"font-family: Arial, serif;\"><span lang=\"fr-CA\"><i><b>By car from Highway\u00a015N\u00a0: <\/b><\/i><\/span><\/span><\/p>\n<p class=\"western\" lang=\"fr-FR\"><span style=\"font-family: Arial, serif;\"><span lang=\"fr-CA\">Stay on Highway 15N and take exit 45 Restez sur l\u2019Autoroute 15\u00a0N jusqu\u2019\u00e0 la sortie\u00a045 <\/span><\/span><span style=\"font-family: Arial, serif;\">Qu\u00e9bec\u00a0333\/Qu\u00e9bec 117\/Boul. de La Salette\/Pr\u00e9vost\/Saint-Hippolyte. Keep right and access Boulevard de la Salette, then keep right again and turn onto Grignon Boulevard. Carrefour du Nord will be on your right . Enter the parking lot and enter our practice through door number 2. <\/span><\/p>\n<p class=\"western\" lang=\"fr-FR\"><span style=\"font-family: Arial, serif;\"><span lang=\"fr-CA\"><i><b>By car from Highway\u00a015S\u00a0:\u00a0<\/b><\/i><\/span><\/span><i><b> <\/b><\/i><\/p>\n<p class=\"western\" lang=\"fr-FR\"><span style=\"font-family: Arial, serif;\"><span lang=\"fr-CA\">Stay on Highway 15S and take exit 45 towards <\/span><\/span><span style=\"font-family: Arial, serif;\">Boulevard de la Salette. Turn left on the Mont\u00e9e Sainte-Th\u00e9r\u00e8se then left again on Boulevard de la Salette. Stay in the right lane to be able to turn onto Grignon Boulevard. The shopping center will be on your right. Enter the parking lot and enter our practice through door number 2. <\/span><\/p>\n<p class=\"western\" lang=\"fr-FR\"><span style=\"font-family: Arial, serif;\"><span lang=\"fr-CA\"><i><b>By car from the center of Saint-Jerome (close to city hall): <\/b><\/i><\/span><\/span><\/p>\n<p class=\"western\" lang=\"fr-FR\"><span style=\"font-family: Arial, serif;\"><span lang=\"fr-CA\">Coming from Labelle street, take Saint-Joseph street towards Highway 15. Turn right on Bri\u00e8re street, then right again on Castonguay street. Turn left at Laviolette street and stay on this road for approximately for 2.4km. Turn left on Boulevard de la Salette then turn left immediately on Boulevard Grignon. <\/span><\/span><span style=\"font-family: Arial, serif;\">Carrefour du Nord will be on your right, enter the parking lot and enter our practice through door number 2. <\/span><\/p>\n<p class=\"western\" lang=\"fr-FR\"><span style=\"font-family: Arial, serif;\"><span lang=\"fr-CA\"><i><b>By bus from Saint-Jerome station\u00a0: <\/b><\/i><\/span><\/span><\/p>\n<p class=\"western\" lang=\"fr-FR\"><span style=\"font-family: Arial, serif;\"><span lang=\"fr-CA\">Take CITL network bus number 9 towards Saint-Jerome. Climb off the bus on the corner on Belanger and Saint-Georges street, which will be the 14th stop. The bus ride should take you approximately 10 minutes. Take the road on your left towards B\u00e9langer street then turn right on Grignon Boulevard. Carrefour du Nord will be on your left.<\/span><\/span><\/p>\n<p><noscript><br \/>\n<img decoding=\"async\" src=\"\/wp-content\/uploads\/2016\/12\/Contact_dentiste_StJerome.jpg\"  alt=\"road over Fort Mountain in Northwest Georgia.\" \/><br \/>\n<\/noscript><\/p>\n","protected":false},"excerpt":{"rendered":"<p>At Centre Dentaire du Nord, we provide dental services for patients of all ages. We want to see you smiling! Come and meet our team for your regular dental checkups, cosmetic services or oral health maintenance. All new patients are welcome. We provide you with the same high quality standard of care as our regular [&hellip;]<\/p>\n","protected":false},"author":1,"featured_media":101,"parent":0,"menu_order":0,"comment_status":"closed","ping_status":"closed","template":"page-simple.php","meta":{"footnotes":""},"class_list":["post-55","page","type-page","status-publish","has-post-thumbnail","hentry"],"yoast_head":"<!-- This site is optimized with the Yoast SEO plugin v27.4 - https:\/\/yoast.com\/product\/yoast-seo-wordpress\/ -->\n<title>Contact dentists in St-J\u00e9r\u00f4me - Centre dentaire du Nord<\/title>\n<meta name=\"description\" content=\"Are you looking for a dental clinic in St-J\u00e9r\u00f4me where your whole family may come and receive necessary dental treatment? Contact us Today!\" \/>\n<meta name=\"robots\" content=\"index, follow, max-snippet:-1, max-image-preview:large, max-video-preview:-1\" \/>\n<link rel=\"canonical\" href=\"https:\/\/centredentairedunord.com\/en\/contact-us\/\" \/>\n<meta property=\"og:locale\" content=\"en_US\" \/>\n<meta property=\"og:type\" content=\"article\" \/>\n<meta property=\"og:title\" content=\"Contact dentists in St-J\u00e9r\u00f4me - Centre dentaire du Nord\" \/>\n<meta property=\"og:description\" content=\"Are you looking for a dental clinic in St-J\u00e9r\u00f4me where your whole family may come and receive necessary dental treatment? Contact us Today!\" \/>\n<meta property=\"og:url\" content=\"https:\/\/centredentairedunord.com\/en\/contact-us\/\" \/>\n<meta property=\"og:site_name\" content=\"Centre dentaire nord\" \/>\n<meta property=\"article:modified_time\" content=\"2022-03-16T20:37:06+00:00\" \/>\n<meta property=\"og:image\" content=\"https:\/\/centredentairedunord.com\/wp-content\/uploads\/2016\/12\/Contact_dentiste_StJerome.jpg\" \/>\n\t<meta property=\"og:image:width\" content=\"1254\" \/>\n\t<meta property=\"og:image:height\" content=\"836\" \/>\n\t<meta property=\"og:image:type\" content=\"image\/jpeg\" \/>\n<meta name=\"twitter:card\" content=\"summary_large_image\" \/>\n<meta name=\"twitter:label1\" content=\"Est. reading time\" \/>\n\t<meta name=\"twitter:data1\" content=\"4 minutes\" \/>\n<script type=\"application\/ld+json\" class=\"yoast-schema-graph\">{\"@context\":\"https:\\\/\\\/schema.org\",\"@graph\":[{\"@type\":\"WebPage\",\"@id\":\"https:\\\/\\\/centredentairedunord.com\\\/en\\\/contact-us\\\/\",\"url\":\"https:\\\/\\\/centredentairedunord.com\\\/en\\\/contact-us\\\/\",\"name\":\"Contact dentists in St-J\u00e9r\u00f4me - Centre dentaire du Nord\",\"isPartOf\":{\"@id\":\"https:\\\/\\\/centredentairedunord.com\\\/#website\"},\"primaryImageOfPage\":{\"@id\":\"https:\\\/\\\/centredentairedunord.com\\\/en\\\/contact-us\\\/#primaryimage\"},\"image\":{\"@id\":\"https:\\\/\\\/centredentairedunord.com\\\/en\\\/contact-us\\\/#primaryimage\"},\"thumbnailUrl\":\"https:\\\/\\\/centredentairedunord.com\\\/wp-content\\\/uploads\\\/2016\\\/12\\\/Contact_dentiste_StJerome.jpg\",\"datePublished\":\"2016-12-06T14:20:11+00:00\",\"dateModified\":\"2022-03-16T20:37:06+00:00\",\"description\":\"Are you looking for a dental clinic in St-J\u00e9r\u00f4me where your whole family may come and receive necessary dental treatment? Contact us Today!\",\"breadcrumb\":{\"@id\":\"https:\\\/\\\/centredentairedunord.com\\\/en\\\/contact-us\\\/#breadcrumb\"},\"inLanguage\":\"en-US\",\"potentialAction\":[{\"@type\":\"ReadAction\",\"target\":[\"https:\\\/\\\/centredentairedunord.com\\\/en\\\/contact-us\\\/\"]}]},{\"@type\":\"ImageObject\",\"inLanguage\":\"en-US\",\"@id\":\"https:\\\/\\\/centredentairedunord.com\\\/en\\\/contact-us\\\/#primaryimage\",\"url\":\"https:\\\/\\\/centredentairedunord.com\\\/wp-content\\\/uploads\\\/2016\\\/12\\\/Contact_dentiste_StJerome.jpg\",\"contentUrl\":\"https:\\\/\\\/centredentairedunord.com\\\/wp-content\\\/uploads\\\/2016\\\/12\\\/Contact_dentiste_StJerome.jpg\",\"width\":1254,\"height\":836,\"caption\":\"Fall color on curvy road over Fort Mountain in Northwest Georgia.\"},{\"@type\":\"BreadcrumbList\",\"@id\":\"https:\\\/\\\/centredentairedunord.com\\\/en\\\/contact-us\\\/#breadcrumb\",\"itemListElement\":[{\"@type\":\"ListItem\",\"position\":1,\"name\":\"Home\",\"item\":\"https:\\\/\\\/centredentairedunord.com\\\/en\\\/\"},{\"@type\":\"ListItem\",\"position\":2,\"name\":\"Contact US\"}]},{\"@type\":\"WebSite\",\"@id\":\"https:\\\/\\\/centredentairedunord.com\\\/#website\",\"url\":\"https:\\\/\\\/centredentairedunord.com\\\/\",\"name\":\"Centre dentaire nord\",\"description\":\"\",\"publisher\":{\"@id\":\"https:\\\/\\\/centredentairedunord.com\\\/#organization\"},\"potentialAction\":[{\"@type\":\"SearchAction\",\"target\":{\"@type\":\"EntryPoint\",\"urlTemplate\":\"https:\\\/\\\/centredentairedunord.com\\\/?s={search_term_string}\"},\"query-input\":{\"@type\":\"PropertyValueSpecification\",\"valueRequired\":true,\"valueName\":\"search_term_string\"}}],\"inLanguage\":\"en-US\"},{\"@type\":\"Organization\",\"@id\":\"https:\\\/\\\/centredentairedunord.com\\\/#organization\",\"name\":\"Centre dentaire du Nord\",\"url\":\"https:\\\/\\\/centredentairedunord.com\\\/\",\"logo\":{\"@type\":\"ImageObject\",\"inLanguage\":\"en-US\",\"@id\":\"https:\\\/\\\/centredentairedunord.com\\\/#\\\/schema\\\/logo\\\/image\\\/\",\"url\":\"https:\\\/\\\/centredentairedunord.com\\\/wp-content\\\/uploads\\\/2017\\\/03\\\/Dentiste-st-jerome-logo.jpg\",\"contentUrl\":\"https:\\\/\\\/centredentairedunord.com\\\/wp-content\\\/uploads\\\/2017\\\/03\\\/Dentiste-st-jerome-logo.jpg\",\"width\":266,\"height\":83,\"caption\":\"Centre dentaire du Nord\"},\"image\":{\"@id\":\"https:\\\/\\\/centredentairedunord.com\\\/#\\\/schema\\\/logo\\\/image\\\/\"}}]}<\/script>\n<!-- \/ Yoast SEO plugin. -->","yoast_head_json":{"title":"Contact dentists in St-J\u00e9r\u00f4me - Centre dentaire du Nord","description":"Are you looking for a dental clinic in St-J\u00e9r\u00f4me where your whole family may come and receive necessary dental treatment? Contact us Today!","robots":{"index":"index","follow":"follow","max-snippet":"max-snippet:-1","max-image-preview":"max-image-preview:large","max-video-preview":"max-video-preview:-1"},"canonical":"https:\/\/centredentairedunord.com\/en\/contact-us\/","og_locale":"en_US","og_type":"article","og_title":"Contact dentists in St-J\u00e9r\u00f4me - Centre dentaire du Nord","og_description":"Are you looking for a dental clinic in St-J\u00e9r\u00f4me where your whole family may come and receive necessary dental treatment? Contact us Today!","og_url":"https:\/\/centredentairedunord.com\/en\/contact-us\/","og_site_name":"Centre dentaire nord","article_modified_time":"2022-03-16T20:37:06+00:00","og_image":[{"width":1254,"height":836,"url":"https:\/\/centredentairedunord.com\/wp-content\/uploads\/2016\/12\/Contact_dentiste_StJerome.jpg","type":"image\/jpeg"}],"twitter_card":"summary_large_image","twitter_misc":{"Est. reading time":"4 minutes"},"schema":{"@context":"https:\/\/schema.org","@graph":[{"@type":"WebPage","@id":"https:\/\/centredentairedunord.com\/en\/contact-us\/","url":"https:\/\/centredentairedunord.com\/en\/contact-us\/","name":"Contact dentists in St-J\u00e9r\u00f4me - Centre dentaire du Nord","isPartOf":{"@id":"https:\/\/centredentairedunord.com\/#website"},"primaryImageOfPage":{"@id":"https:\/\/centredentairedunord.com\/en\/contact-us\/#primaryimage"},"image":{"@id":"https:\/\/centredentairedunord.com\/en\/contact-us\/#primaryimage"},"thumbnailUrl":"https:\/\/centredentairedunord.com\/wp-content\/uploads\/2016\/12\/Contact_dentiste_StJerome.jpg","datePublished":"2016-12-06T14:20:11+00:00","dateModified":"2022-03-16T20:37:06+00:00","description":"Are you looking for a dental clinic in St-J\u00e9r\u00f4me where your whole family may come and receive necessary dental treatment? Contact us Today!","breadcrumb":{"@id":"https:\/\/centredentairedunord.com\/en\/contact-us\/#breadcrumb"},"inLanguage":"en-US","potentialAction":[{"@type":"ReadAction","target":["https:\/\/centredentairedunord.com\/en\/contact-us\/"]}]},{"@type":"ImageObject","inLanguage":"en-US","@id":"https:\/\/centredentairedunord.com\/en\/contact-us\/#primaryimage","url":"https:\/\/centredentairedunord.com\/wp-content\/uploads\/2016\/12\/Contact_dentiste_StJerome.jpg","contentUrl":"https:\/\/centredentairedunord.com\/wp-content\/uploads\/2016\/12\/Contact_dentiste_StJerome.jpg","width":1254,"height":836,"caption":"Fall color on curvy road over Fort Mountain in Northwest Georgia."},{"@type":"BreadcrumbList","@id":"https:\/\/centredentairedunord.com\/en\/contact-us\/#breadcrumb","itemListElement":[{"@type":"ListItem","position":1,"name":"Home","item":"https:\/\/centredentairedunord.com\/en\/"},{"@type":"ListItem","position":2,"name":"Contact US"}]},{"@type":"WebSite","@id":"https:\/\/centredentairedunord.com\/#website","url":"https:\/\/centredentairedunord.com\/","name":"Centre dentaire nord","description":"","publisher":{"@id":"https:\/\/centredentairedunord.com\/#organization"},"potentialAction":[{"@type":"SearchAction","target":{"@type":"EntryPoint","urlTemplate":"https:\/\/centredentairedunord.com\/?s={search_term_string}"},"query-input":{"@type":"PropertyValueSpecification","valueRequired":true,"valueName":"search_term_string"}}],"inLanguage":"en-US"},{"@type":"Organization","@id":"https:\/\/centredentairedunord.com\/#organization","name":"Centre dentaire du Nord","url":"https:\/\/centredentairedunord.com\/","logo":{"@type":"ImageObject","inLanguage":"en-US","@id":"https:\/\/centredentairedunord.com\/#\/schema\/logo\/image\/","url":"https:\/\/centredentairedunord.com\/wp-content\/uploads\/2017\/03\/Dentiste-st-jerome-logo.jpg","contentUrl":"https:\/\/centredentairedunord.com\/wp-content\/uploads\/2017\/03\/Dentiste-st-jerome-logo.jpg","width":266,"height":83,"caption":"Centre dentaire du Nord"},"image":{"@id":"https:\/\/centredentairedunord.com\/#\/schema\/logo\/image\/"}}]}},"_links":{"self":[{"href":"https:\/\/centredentairedunord.com\/en\/wp-json\/wp\/v2\/pages\/55","targetHints":{"allow":["GET"]}}],"collection":[{"href":"https:\/\/centredentairedunord.com\/en\/wp-json\/wp\/v2\/pages"}],"about":[{"href":"https:\/\/centredentairedunord.com\/en\/wp-json\/wp\/v2\/types\/page"}],"author":[{"embeddable":true,"href":"https:\/\/centredentairedunord.com\/en\/wp-json\/wp\/v2\/users\/1"}],"replies":[{"embeddable":true,"href":"https:\/\/centredentairedunord.com\/en\/wp-json\/wp\/v2\/comments?post=55"}],"version-history":[{"count":19,"href":"https:\/\/centredentairedunord.com\/en\/wp-json\/wp\/v2\/pages\/55\/revisions"}],"predecessor-version":[{"id":387,"href":"https:\/\/centredentairedunord.com\/en\/wp-json\/wp\/v2\/pages\/55\/revisions\/387"}],"wp:featuredmedia":[{"embeddable":true,"href":"https:\/\/centredentairedunord.com\/en\/wp-json\/wp\/v2\/media\/101"}],"wp:attachment":[{"href":"https:\/\/centredentairedunord.com\/en\/wp-json\/wp\/v2\/media?parent=55"}],"curies":[{"name":"wp","href":"https:\/\/api.w.org\/{rel}","templated":true}]}}